{"id":5179,"date":"2026-03-24T12:58:17","date_gmt":"2026-03-24T11:58:17","guid":{"rendered":"https:\/\/www.chateaudegarde.com\/media-press\/"},"modified":"2026-03-24T12:58:47","modified_gmt":"2026-03-24T11:58:47","slug":"media-press","status":"publish","type":"page","link":"https:\/\/www.chateaudegarde.com\/en\/media-press\/","title":{"rendered":"M\u00e9dia &amp; Press"},"content":{"rendered":"\t\t<div data-elementor-type=\"wp-page\" data-elementor-id=\"5179\" class=\"elementor elementor-5179 elementor-4418\" data-elementor-post-type=\"page\">\n\t\t\t\t<div class=\"elementor-element elementor-element-5032a0f7 e-flex e-con-boxed e-con e-parent\" data-id=\"5032a0f7\" data-element_type=\"container\" data-e-type=\"container\" data-settings=\"{&quot;background_background&quot;:&quot;classic&quot;}\">\n\t\t\t\t\t<div class=\"e-con-inner\">\n\t\t\t\t<div class=\"elementor-element elementor-element-39628ad1 elementor-widget-mobile__width-initial elementor-widget elementor-widget-heading\" data-id=\"39628ad1\" data-element_type=\"widget\" data-e-type=\"widget\" data-widget_type=\"heading.default\">\n\t\t\t\t<div class=\"elementor-widget-container\">\n\t\t\t\t\t<h1 class=\"elementor-heading-title elementor-size-default\">Media &amp; Presse<\/h1>\t\t\t\t<\/div>\n\t\t\t\t<\/div>\n\t\t\t\t<div class=\"elementor-element elementor-element-2ea0da22 elementor-absolute elementor-widget elementor-widget-heading\" data-id=\"2ea0da22\" data-element_type=\"widget\" data-e-type=\"widget\" data-settings=\"{&quot;_position&quot;:&quot;absolute&quot;}\" data-widget_type=\"heading.default\">\n\t\t\t\t<div class=\"elementor-widget-container\">\n\t\t\t\t\t<div class=\"elementor-heading-title elementor-size-default\"><a href=\"https:\/\/coralieterree.fr\/fr\/\" target=\"_blank\">\u00a9 Coralie Terr\u00e9e<\/a><\/div>\t\t\t\t<\/div>\n\t\t\t\t<\/div>\n\t\t\t\t<div class=\"elementor-element elementor-element-4c404870 elementor-widget__width-auto elementor-widget elementor-widget-html\" data-id=\"4c404870\" data-element_type=\"widget\" data-e-type=\"widget\" data-widget_type=\"html.default\">\n\t\t\t\t<div class=\"elementor-widget-container\">\n\t\t\t\t\t<a href=\"#experience\">\r\n    <div class=\"scroll\"><\/div>\r\n<\/a>\t\t\t\t<\/div>\n\t\t\t\t<\/div>\n\t\t\t\t\t<\/div>\n\t\t\t\t<\/div>\n\t\t<div class=\"elementor-element elementor-element-4a6cd40a e-flex e-con-boxed e-con e-parent\" data-id=\"4a6cd40a\" data-element_type=\"container\" data-e-type=\"container\">\n\t\t\t\t\t<div class=\"e-con-inner\">\n\t\t\t\t\t<\/div>\n\t\t\t\t<\/div>\n\t\t<div class=\"elementor-element elementor-element-35cf68cf e-flex e-con-boxed e-con e-parent\" data-id=\"35cf68cf\" data-element_type=\"container\" data-e-type=\"container\">\n\t\t\t\t\t<div class=\"e-con-inner\">\n\t\t<div class=\"elementor-element elementor-element-1ea03930 e-con-full e-flex e-con e-child\" data-id=\"1ea03930\" data-element_type=\"container\" data-e-type=\"container\">\n\t\t\t\t<div class=\"elementor-element elementor-element-1b4a33aa elementor-widget elementor-widget-heading\" data-id=\"1b4a33aa\" data-element_type=\"widget\" data-e-type=\"widget\" data-widget_type=\"heading.default\">\n\t\t\t\t<div class=\"elementor-widget-container\">\n\t\t\t\t\t<h3 class=\"elementor-heading-title elementor-size-default\"><a href=\"https:\/\/www.instagram.com\/p\/DSVvzG8jHC_\/\">Vogue<\/a><\/h3>\t\t\t\t<\/div>\n\t\t\t\t<\/div>\n\t\t\t\t<div class=\"elementor-element elementor-element-14943bac elementor-widget elementor-widget-image\" data-id=\"14943bac\" data-element_type=\"widget\" data-e-type=\"widget\" data-widget_type=\"image.default\">\n\t\t\t\t<div class=\"elementor-widget-container\">\n\t\t\t\t\t\t\t\t\t\t\t\t\t\t\t\t<a href=\"https:\/\/www.instagram.com\/p\/DSVvzG8jHC_\/\" target=\"_blank\">\n\t\t\t\t\t\t\t<img fetchpriority=\"high\" decoding=\"async\" width=\"1080\" height=\"1440\" src=\"https:\/\/www.chateaudegarde.com\/wp-content\/uploads\/2026\/01\/Seeing-an-email-from-Vogue-land-in-my-inbox-was-not-on-my-bingo-card-for-2025-but-here-we-are-.jpg\" class=\"attachment-full size-full wp-image-4446\" alt=\"\" srcset=\"https:\/\/www.chateaudegarde.com\/wp-content\/uploads\/2026\/01\/Seeing-an-email-from-Vogue-land-in-my-inbox-was-not-on-my-bingo-card-for-2025-but-here-we-are-.jpg 1080w, https:\/\/www.chateaudegarde.com\/wp-content\/uploads\/2026\/01\/Seeing-an-email-from-Vogue-land-in-my-inbox-was-not-on-my-bingo-card-for-2025-but-here-we-are--225x300.jpg 225w, https:\/\/www.chateaudegarde.com\/wp-content\/uploads\/2026\/01\/Seeing-an-email-from-Vogue-land-in-my-inbox-was-not-on-my-bingo-card-for-2025-but-here-we-are--768x1024.jpg 768w\" sizes=\"(max-width: 1080px) 100vw, 1080px\" \/>\t\t\t\t\t\t\t\t<\/a>\n\t\t\t\t\t\t\t\t\t\t\t\t\t\t\t<\/div>\n\t\t\t\t<\/div>\n\t\t\t\t<\/div>\n\t\t<div class=\"elementor-element elementor-element-62656806 e-con-full e-flex e-con e-child\" data-id=\"62656806\" data-element_type=\"container\" data-e-type=\"container\">\n\t\t\t\t<div class=\"elementor-element elementor-element-6848c2fa elementor-widget elementor-widget-heading\" data-id=\"6848c2fa\" data-element_type=\"widget\" data-e-type=\"widget\" data-widget_type=\"heading.default\">\n\t\t\t\t<div class=\"elementor-widget-container\">\n\t\t\t\t\t<h3 class=\"elementor-heading-title elementor-size-default\"><a href=\"https:\/\/www.frenchweddingstyle.com\/wedding-venues\/chateau-de-garde\/#real_weddings\">French Wedding Style<\/a><\/h3>\t\t\t\t<\/div>\n\t\t\t\t<\/div>\n\t\t\t\t<div class=\"elementor-element elementor-element-45f925b1 elementor-widget elementor-widget-image\" data-id=\"45f925b1\" data-element_type=\"widget\" data-e-type=\"widget\" data-widget_type=\"image.default\">\n\t\t\t\t<div class=\"elementor-widget-container\">\n\t\t\t\t\t\t\t\t\t\t\t\t\t\t\t\t<a href=\"https:\/\/www.frenchweddingstyle.com\/wedding-venues\/chateau-de-garde\/#real_weddings\" target=\"_blank\">\n\t\t\t\t\t\t\t<img decoding=\"async\" width=\"1707\" height=\"2560\" src=\"https:\/\/www.chateaudegarde.com\/wp-content\/uploads\/2025\/12\/Julieandmorgan_ceremony-103-scaled.jpg\" class=\"attachment-full size-full wp-image-4147\" alt=\"\" srcset=\"https:\/\/www.chateaudegarde.com\/wp-content\/uploads\/2025\/12\/Julieandmorgan_ceremony-103-scaled.jpg 1707w, https:\/\/www.chateaudegarde.com\/wp-content\/uploads\/2025\/12\/Julieandmorgan_ceremony-103-200x300.jpg 200w, https:\/\/www.chateaudegarde.com\/wp-content\/uploads\/2025\/12\/Julieandmorgan_ceremony-103-683x1024.jpg 683w, https:\/\/www.chateaudegarde.com\/wp-content\/uploads\/2025\/12\/Julieandmorgan_ceremony-103-768x1152.jpg 768w, https:\/\/www.chateaudegarde.com\/wp-content\/uploads\/2025\/12\/Julieandmorgan_ceremony-103-1024x1536.jpg 1024w, https:\/\/www.chateaudegarde.com\/wp-content\/uploads\/2025\/12\/Julieandmorgan_ceremony-103-1365x2048.jpg 1365w\" sizes=\"(max-width: 1707px) 100vw, 1707px\" \/>\t\t\t\t\t\t\t\t<\/a>\n\t\t\t\t\t\t\t\t\t\t\t\t\t\t\t<\/div>\n\t\t\t\t<\/div>\n\t\t\t\t<\/div>\n\t\t<div class=\"elementor-element elementor-element-282fa3b9 e-con-full e-flex e-con e-child\" data-id=\"282fa3b9\" data-element_type=\"container\" data-e-type=\"container\">\n\t\t\t\t<div class=\"elementor-element elementor-element-68fb7380 elementor-widget elementor-widget-heading\" data-id=\"68fb7380\" data-element_type=\"widget\" data-e-type=\"widget\" data-widget_type=\"heading.default\">\n\t\t\t\t<div class=\"elementor-widget-container\">\n\t\t\t\t\t<h3 class=\"elementor-heading-title elementor-size-default\">The Wed<\/h3>\t\t\t\t<\/div>\n\t\t\t\t<\/div>\n\t\t\t\t<div class=\"elementor-element elementor-element-a6af5e1 elementor-widget elementor-widget-image\" data-id=\"a6af5e1\" data-element_type=\"widget\" data-e-type=\"widget\" data-widget_type=\"image.default\">\n\t\t\t\t<div class=\"elementor-widget-container\">\n\t\t\t\t\t\t\t\t\t\t\t\t\t\t\t\t<a href=\"https:\/\/thewed.com\/magazine\/a-dreamy-chateau-wedding-bordeaux-countryside\" target=\"_blank\">\n\t\t\t\t\t\t\t<img decoding=\"async\" width=\"894\" height=\"1362\" src=\"https:\/\/www.chateaudegarde.com\/wp-content\/uploads\/2025\/02\/Capture-decran-2025-02-10-a-17.42.41.png\" class=\"attachment-full size-full wp-image-3650\" alt=\"\" srcset=\"https:\/\/www.chateaudegarde.com\/wp-content\/uploads\/2025\/02\/Capture-decran-2025-02-10-a-17.42.41.png 894w, https:\/\/www.chateaudegarde.com\/wp-content\/uploads\/2025\/02\/Capture-decran-2025-02-10-a-17.42.41-197x300.png 197w, https:\/\/www.chateaudegarde.com\/wp-content\/uploads\/2025\/02\/Capture-decran-2025-02-10-a-17.42.41-672x1024.png 672w, https:\/\/www.chateaudegarde.com\/wp-content\/uploads\/2025\/02\/Capture-decran-2025-02-10-a-17.42.41-768x1170.png 768w\" sizes=\"(max-width: 894px) 100vw, 894px\" \/>\t\t\t\t\t\t\t\t<\/a>\n\t\t\t\t\t\t\t\t\t\t\t\t\t\t\t<\/div>\n\t\t\t\t<\/div>\n\t\t\t\t<\/div>\n\t\t\t\t\t<\/div>\n\t\t\t\t<\/div>\n\t\t<div class=\"elementor-element elementor-element-96e2480 e-flex e-con-boxed e-con e-parent\" data-id=\"96e2480\" data-element_type=\"container\" data-e-type=\"container\">\n\t\t\t\t\t<div class=\"e-con-inner\">\n\t\t<div class=\"elementor-element elementor-element-e4bb512 e-con-full e-flex e-con e-child\" data-id=\"e4bb512\" data-element_type=\"container\" data-e-type=\"container\">\n\t\t\t\t<div class=\"elementor-element elementor-element-5b655e4 elementor-widget elementor-widget-heading\" data-id=\"5b655e4\" data-element_type=\"widget\" data-e-type=\"widget\" data-widget_type=\"heading.default\">\n\t\t\t\t<div class=\"elementor-widget-container\">\n\t\t\t\t\t<h3 class=\"elementor-heading-title elementor-size-default\">La Mari\u00e9e aux Pieds Nus<\/h3>\t\t\t\t<\/div>\n\t\t\t\t<\/div>\n\t\t\t\t<div class=\"elementor-element elementor-element-93496e3 elementor-widget elementor-widget-image\" data-id=\"93496e3\" data-element_type=\"widget\" data-e-type=\"widget\" data-widget_type=\"image.default\">\n\t\t\t\t<div class=\"elementor-widget-container\">\n\t\t\t\t\t\t\t\t\t\t\t\t\t\t\t\t<a href=\"https:\/\/www.lamarieeauxpiedsnus.com\/vrai-mariage\/mariage-chateaudegarde-moulon-gironde\/\" target=\"_blank\">\n\t\t\t\t\t\t\t<img loading=\"lazy\" decoding=\"async\" width=\"756\" height=\"960\" src=\"https:\/\/www.chateaudegarde.com\/wp-content\/uploads\/2024\/02\/la-mariee-aux-pieds-nus-756x960-2.jpg\" class=\"attachment-full size-full wp-image-2990\" alt=\"La Mari\u00e9e aux pieds nus\" srcset=\"https:\/\/www.chateaudegarde.com\/wp-content\/uploads\/2024\/02\/la-mariee-aux-pieds-nus-756x960-2.jpg 756w, https:\/\/www.chateaudegarde.com\/wp-content\/uploads\/2024\/02\/la-mariee-aux-pieds-nus-756x960-2-236x300.jpg 236w, https:\/\/www.chateaudegarde.com\/wp-content\/uploads\/2024\/02\/la-mariee-aux-pieds-nus-756x960-2-480x610.jpg 480w\" sizes=\"(max-width: 756px) 100vw, 756px\" \/>\t\t\t\t\t\t\t\t<\/a>\n\t\t\t\t\t\t\t\t\t\t\t\t\t\t\t<\/div>\n\t\t\t\t<\/div>\n\t\t\t\t<\/div>\n\t\t<div class=\"elementor-element elementor-element-2483e6d e-con-full e-flex e-con e-child\" data-id=\"2483e6d\" data-element_type=\"container\" data-e-type=\"container\">\n\t\t\t\t<div class=\"elementor-element elementor-element-75c331b elementor-widget elementor-widget-heading\" data-id=\"75c331b\" data-element_type=\"widget\" data-e-type=\"widget\" data-widget_type=\"heading.default\">\n\t\t\t\t<div class=\"elementor-widget-container\">\n\t\t\t\t\t<h3 class=\"elementor-heading-title elementor-size-default\">French Wedding Style<\/h3>\t\t\t\t<\/div>\n\t\t\t\t<\/div>\n\t\t\t\t<div class=\"elementor-element elementor-element-c79abb4 elementor-widget elementor-widget-image\" data-id=\"c79abb4\" data-element_type=\"widget\" data-e-type=\"widget\" data-widget_type=\"image.default\">\n\t\t\t\t<div class=\"elementor-widget-container\">\n\t\t\t\t\t\t\t\t\t\t\t\t\t\t\t\t<a href=\"https:\/\/www.frenchweddingstyle.com\/american-dream-wedding-at-chateau-de-garde\/\" target=\"_blank\">\n\t\t\t\t\t\t\t<img loading=\"lazy\" decoding=\"async\" width=\"1707\" height=\"2560\" src=\"https:\/\/www.chateaudegarde.com\/wp-content\/uploads\/2024\/03\/ElsaCazaPhoto_Wedding_LaurenChristopher-863-scaled.jpg\" class=\"attachment-full size-full wp-image-3572\" alt=\"Mariage luxe Ch\u00e2teau de Garde\" srcset=\"https:\/\/www.chateaudegarde.com\/wp-content\/uploads\/2024\/03\/ElsaCazaPhoto_Wedding_LaurenChristopher-863-scaled.jpg 1707w, https:\/\/www.chateaudegarde.com\/wp-content\/uploads\/2024\/03\/ElsaCazaPhoto_Wedding_LaurenChristopher-863-200x300.jpg 200w, https:\/\/www.chateaudegarde.com\/wp-content\/uploads\/2024\/03\/ElsaCazaPhoto_Wedding_LaurenChristopher-863-683x1024.jpg 683w, https:\/\/www.chateaudegarde.com\/wp-content\/uploads\/2024\/03\/ElsaCazaPhoto_Wedding_LaurenChristopher-863-768x1152.jpg 768w, https:\/\/www.chateaudegarde.com\/wp-content\/uploads\/2024\/03\/ElsaCazaPhoto_Wedding_LaurenChristopher-863-1024x1536.jpg 1024w, https:\/\/www.chateaudegarde.com\/wp-content\/uploads\/2024\/03\/ElsaCazaPhoto_Wedding_LaurenChristopher-863-1365x2048.jpg 1365w\" sizes=\"(max-width: 1707px) 100vw, 1707px\" \/>\t\t\t\t\t\t\t\t<\/a>\n\t\t\t\t\t\t\t\t\t\t\t\t\t\t\t<\/div>\n\t\t\t\t<\/div>\n\t\t\t\t<\/div>\n\t\t<div class=\"elementor-element elementor-element-6d2c03d e-con-full e-flex e-con e-child\" data-id=\"6d2c03d\" data-element_type=\"container\" data-e-type=\"container\">\n\t\t\t\t<div class=\"elementor-element elementor-element-0b01122 elementor-widget elementor-widget-heading\" data-id=\"0b01122\" data-element_type=\"widget\" data-e-type=\"widget\" data-widget_type=\"heading.default\">\n\t\t\t\t<div class=\"elementor-widget-container\">\n\t\t\t\t\t<h3 class=\"elementor-heading-title elementor-size-default\">Maisons C\u00f4t\u00e9 Ouest<\/h3>\t\t\t\t<\/div>\n\t\t\t\t<\/div>\n\t\t\t\t<div class=\"elementor-element elementor-element-76077e0 elementor-widget elementor-widget-image\" data-id=\"76077e0\" data-element_type=\"widget\" data-e-type=\"widget\" data-widget_type=\"image.default\">\n\t\t\t\t<div class=\"elementor-widget-container\">\n\t\t\t\t\t\t\t\t\t\t\t\t\t\t\t\t<a href=\"https:\/\/www.chateaudegarde.com\/wp-content\/uploads\/2024\/02\/maisons-cote-ouest-141-chateau-de-garde.pdf\" target=\"_blank\">\n\t\t\t\t\t\t\t<img loading=\"lazy\" decoding=\"async\" width=\"756\" height=\"960\" src=\"https:\/\/www.chateaudegarde.com\/wp-content\/uploads\/2024\/02\/maisons-cote-ouest-141.jpg\" class=\"attachment-full size-full wp-image-2978\" alt=\"Maisons C\u00f4t\u00e9 Ouest n\u00b0141\" srcset=\"https:\/\/www.chateaudegarde.com\/wp-content\/uploads\/2024\/02\/maisons-cote-ouest-141.jpg 756w, https:\/\/www.chateaudegarde.com\/wp-content\/uploads\/2024\/02\/maisons-cote-ouest-141-236x300.jpg 236w, https:\/\/www.chateaudegarde.com\/wp-content\/uploads\/2024\/02\/maisons-cote-ouest-141-480x610.jpg 480w\" sizes=\"(max-width: 756px) 100vw, 756px\" \/>\t\t\t\t\t\t\t\t<\/a>\n\t\t\t\t\t\t\t\t\t\t\t\t\t\t\t<\/div>\n\t\t\t\t<\/div>\n\t\t\t\t<\/div>\n\t\t\t\t\t<\/div>\n\t\t\t\t<\/div>\n\t\t\t\t<\/div>\n\t\t","protected":false},"excerpt":{"rendered":"<p>Media &amp; Presse \u00a9 Coralie Terr\u00e9e Vogue French Wedding Style The Wed La Mari\u00e9e aux Pieds Nus French Wedding Style Maisons C\u00f4t\u00e9 Ouest<\/p>\n","protected":false},"author":6,"featured_media":0,"parent":0,"menu_order":0,"comment_status":"closed","ping_status":"closed","template":"elementor_header_footer","meta":{"footnotes":""},"class_list":["post-5179","page","type-page","status-publish","hentry"],"yoast_head":"<!-- This site is optimized with the Yoast SEO plugin v27.5 - https:\/\/yoast.com\/product\/yoast-seo-wordpress\/ -->\n<title>M\u00e9dia &amp; Press | Ch\u00e2teau de Garde<\/title>\n<meta name=\"robots\" content=\"index, follow, max-snippet:-1, max-image-preview:large, max-video-preview:-1\" \/>\n<link rel=\"canonical\" href=\"https:\/\/www.chateaudegarde.com\/en\/media-press\/\" \/>\n<meta property=\"og:locale\" content=\"en_US\" \/>\n<meta property=\"og:type\" content=\"article\" \/>\n<meta property=\"og:title\" content=\"M\u00e9dia &amp; Press | Ch\u00e2teau de Garde\" \/>\n<meta property=\"og:description\" content=\"Media &amp; Presse \u00a9 Coralie Terr\u00e9e Vogue French Wedding Style The Wed La Mari\u00e9e aux Pieds Nus French Wedding Style Maisons C\u00f4t\u00e9 Ouest\" \/>\n<meta property=\"og:url\" content=\"https:\/\/www.chateaudegarde.com\/en\/media-press\/\" \/>\n<meta property=\"og:site_name\" content=\"Ch\u00e2teau de Garde\" \/>\n<meta property=\"article:modified_time\" content=\"2026-03-24T11:58:47+00:00\" \/>\n<meta property=\"og:image\" content=\"https:\/\/www.chateaudegarde.com\/wp-content\/uploads\/2026\/01\/Seeing-an-email-from-Vogue-land-in-my-inbox-was-not-on-my-bingo-card-for-2025-but-here-we-are-.jpg\" \/>\n\t<meta property=\"og:image:width\" content=\"1080\" \/>\n\t<meta property=\"og:image:height\" content=\"1440\" \/>\n\t<meta property=\"og:image:type\" content=\"image\/jpeg\" \/>\n<meta name=\"twitter:card\" content=\"summary_large_image\" \/>\n<script type=\"application\/ld+json\" class=\"yoast-schema-graph\">{\"@context\":\"https:\\\/\\\/schema.org\",\"@graph\":[{\"@type\":\"WebPage\",\"@id\":\"https:\\\/\\\/www.chateaudegarde.com\\\/en\\\/media-press\\\/\",\"url\":\"https:\\\/\\\/www.chateaudegarde.com\\\/en\\\/media-press\\\/\",\"name\":\"M\u00e9dia &amp; Press | Ch\u00e2teau de Garde\",\"isPartOf\":{\"@id\":\"https:\\\/\\\/www.chateaudegarde.com\\\/#website\"},\"primaryImageOfPage\":{\"@id\":\"https:\\\/\\\/www.chateaudegarde.com\\\/en\\\/media-press\\\/#primaryimage\"},\"image\":{\"@id\":\"https:\\\/\\\/www.chateaudegarde.com\\\/en\\\/media-press\\\/#primaryimage\"},\"thumbnailUrl\":\"https:\\\/\\\/www.chateaudegarde.com\\\/wp-content\\\/uploads\\\/2026\\\/01\\\/Seeing-an-email-from-Vogue-land-in-my-inbox-was-not-on-my-bingo-card-for-2025-but-here-we-are-.jpg\",\"datePublished\":\"2026-03-24T11:58:17+00:00\",\"dateModified\":\"2026-03-24T11:58:47+00:00\",\"breadcrumb\":{\"@id\":\"https:\\\/\\\/www.chateaudegarde.com\\\/en\\\/media-press\\\/#breadcrumb\"},\"inLanguage\":\"en-US\",\"potentialAction\":[{\"@type\":\"ReadAction\",\"target\":[\"https:\\\/\\\/www.chateaudegarde.com\\\/en\\\/media-press\\\/\"]}]},{\"@type\":\"ImageObject\",\"inLanguage\":\"en-US\",\"@id\":\"https:\\\/\\\/www.chateaudegarde.com\\\/en\\\/media-press\\\/#primaryimage\",\"url\":\"https:\\\/\\\/www.chateaudegarde.com\\\/wp-content\\\/uploads\\\/2026\\\/01\\\/Seeing-an-email-from-Vogue-land-in-my-inbox-was-not-on-my-bingo-card-for-2025-but-here-we-are-.jpg\",\"contentUrl\":\"https:\\\/\\\/www.chateaudegarde.com\\\/wp-content\\\/uploads\\\/2026\\\/01\\\/Seeing-an-email-from-Vogue-land-in-my-inbox-was-not-on-my-bingo-card-for-2025-but-here-we-are-.jpg\"},{\"@type\":\"BreadcrumbList\",\"@id\":\"https:\\\/\\\/www.chateaudegarde.com\\\/en\\\/media-press\\\/#breadcrumb\",\"itemListElement\":[{\"@type\":\"ListItem\",\"position\":1,\"name\":\"Accueil\",\"item\":\"https:\\\/\\\/www.chateaudegarde.com\\\/en\\\/welcome\\\/\"},{\"@type\":\"ListItem\",\"position\":2,\"name\":\"M\u00e9dia &amp; Press\"}]},{\"@type\":\"WebSite\",\"@id\":\"https:\\\/\\\/www.chateaudegarde.com\\\/#website\",\"url\":\"https:\\\/\\\/www.chateaudegarde.com\\\/\",\"name\":\"Ch\u00e2teau de Garde\",\"description\":\"Mariage - S\u00e9minaires\",\"publisher\":{\"@id\":\"https:\\\/\\\/www.chateaudegarde.com\\\/#organization\"},\"potentialAction\":[{\"@type\":\"SearchAction\",\"target\":{\"@type\":\"EntryPoint\",\"urlTemplate\":\"https:\\\/\\\/www.chateaudegarde.com\\\/?s={search_term_string}\"},\"query-input\":{\"@type\":\"PropertyValueSpecification\",\"valueRequired\":true,\"valueName\":\"search_term_string\"}}],\"inLanguage\":\"en-US\"},{\"@type\":\"Organization\",\"@id\":\"https:\\\/\\\/www.chateaudegarde.com\\\/#organization\",\"name\":\"Ch\u00e2teau de Garde\",\"url\":\"https:\\\/\\\/www.chateaudegarde.com\\\/\",\"logo\":{\"@type\":\"ImageObject\",\"inLanguage\":\"en-US\",\"@id\":\"https:\\\/\\\/www.chateaudegarde.com\\\/#\\\/schema\\\/logo\\\/image\\\/\",\"url\":\"https:\\\/\\\/www.chateaudegarde.com\\\/wp-content\\\/uploads\\\/2024\\\/02\\\/logo-chateau-de-garde-v2.svg\",\"contentUrl\":\"https:\\\/\\\/www.chateaudegarde.com\\\/wp-content\\\/uploads\\\/2024\\\/02\\\/logo-chateau-de-garde-v2.svg\",\"width\":512,\"height\":306,\"caption\":\"Ch\u00e2teau de Garde\"},\"image\":{\"@id\":\"https:\\\/\\\/www.chateaudegarde.com\\\/#\\\/schema\\\/logo\\\/image\\\/\"}}]}<\/script>\n<!-- \/ Yoast SEO plugin. -->","yoast_head_json":{"title":"M\u00e9dia &amp; Press | Ch\u00e2teau de Garde","robots":{"index":"index","follow":"follow","max-snippet":"max-snippet:-1","max-image-preview":"max-image-preview:large","max-video-preview":"max-video-preview:-1"},"canonical":"https:\/\/www.chateaudegarde.com\/en\/media-press\/","og_locale":"en_US","og_type":"article","og_title":"M\u00e9dia &amp; Press | Ch\u00e2teau de Garde","og_description":"Media &amp; Presse \u00a9 Coralie Terr\u00e9e Vogue French Wedding Style The Wed La Mari\u00e9e aux Pieds Nus French Wedding Style Maisons C\u00f4t\u00e9 Ouest","og_url":"https:\/\/www.chateaudegarde.com\/en\/media-press\/","og_site_name":"Ch\u00e2teau de Garde","article_modified_time":"2026-03-24T11:58:47+00:00","og_image":[{"width":1080,"height":1440,"url":"https:\/\/www.chateaudegarde.com\/wp-content\/uploads\/2026\/01\/Seeing-an-email-from-Vogue-land-in-my-inbox-was-not-on-my-bingo-card-for-2025-but-here-we-are-.jpg","type":"image\/jpeg"}],"twitter_card":"summary_large_image","schema":{"@context":"https:\/\/schema.org","@graph":[{"@type":"WebPage","@id":"https:\/\/www.chateaudegarde.com\/en\/media-press\/","url":"https:\/\/www.chateaudegarde.com\/en\/media-press\/","name":"M\u00e9dia &amp; Press | Ch\u00e2teau de Garde","isPartOf":{"@id":"https:\/\/www.chateaudegarde.com\/#website"},"primaryImageOfPage":{"@id":"https:\/\/www.chateaudegarde.com\/en\/media-press\/#primaryimage"},"image":{"@id":"https:\/\/www.chateaudegarde.com\/en\/media-press\/#primaryimage"},"thumbnailUrl":"https:\/\/www.chateaudegarde.com\/wp-content\/uploads\/2026\/01\/Seeing-an-email-from-Vogue-land-in-my-inbox-was-not-on-my-bingo-card-for-2025-but-here-we-are-.jpg","datePublished":"2026-03-24T11:58:17+00:00","dateModified":"2026-03-24T11:58:47+00:00","breadcrumb":{"@id":"https:\/\/www.chateaudegarde.com\/en\/media-press\/#breadcrumb"},"inLanguage":"en-US","potentialAction":[{"@type":"ReadAction","target":["https:\/\/www.chateaudegarde.com\/en\/media-press\/"]}]},{"@type":"ImageObject","inLanguage":"en-US","@id":"https:\/\/www.chateaudegarde.com\/en\/media-press\/#primaryimage","url":"https:\/\/www.chateaudegarde.com\/wp-content\/uploads\/2026\/01\/Seeing-an-email-from-Vogue-land-in-my-inbox-was-not-on-my-bingo-card-for-2025-but-here-we-are-.jpg","contentUrl":"https:\/\/www.chateaudegarde.com\/wp-content\/uploads\/2026\/01\/Seeing-an-email-from-Vogue-land-in-my-inbox-was-not-on-my-bingo-card-for-2025-but-here-we-are-.jpg"},{"@type":"BreadcrumbList","@id":"https:\/\/www.chateaudegarde.com\/en\/media-press\/#breadcrumb","itemListElement":[{"@type":"ListItem","position":1,"name":"Accueil","item":"https:\/\/www.chateaudegarde.com\/en\/welcome\/"},{"@type":"ListItem","position":2,"name":"M\u00e9dia &amp; Press"}]},{"@type":"WebSite","@id":"https:\/\/www.chateaudegarde.com\/#website","url":"https:\/\/www.chateaudegarde.com\/","name":"Ch\u00e2teau de Garde","description":"Mariage - S\u00e9minaires","publisher":{"@id":"https:\/\/www.chateaudegarde.com\/#organization"},"potentialAction":[{"@type":"SearchAction","target":{"@type":"EntryPoint","urlTemplate":"https:\/\/www.chateaudegarde.com\/?s={search_term_string}"},"query-input":{"@type":"PropertyValueSpecification","valueRequired":true,"valueName":"search_term_string"}}],"inLanguage":"en-US"},{"@type":"Organization","@id":"https:\/\/www.chateaudegarde.com\/#organization","name":"Ch\u00e2teau de Garde","url":"https:\/\/www.chateaudegarde.com\/","logo":{"@type":"ImageObject","inLanguage":"en-US","@id":"https:\/\/www.chateaudegarde.com\/#\/schema\/logo\/image\/","url":"https:\/\/www.chateaudegarde.com\/wp-content\/uploads\/2024\/02\/logo-chateau-de-garde-v2.svg","contentUrl":"https:\/\/www.chateaudegarde.com\/wp-content\/uploads\/2024\/02\/logo-chateau-de-garde-v2.svg","width":512,"height":306,"caption":"Ch\u00e2teau de Garde"},"image":{"@id":"https:\/\/www.chateaudegarde.com\/#\/schema\/logo\/image\/"}}]}},"_links":{"self":[{"href":"https:\/\/www.chateaudegarde.com\/en\/wp-json\/wp\/v2\/pages\/5179","targetHints":{"allow":["GET"]}}],"collection":[{"href":"https:\/\/www.chateaudegarde.com\/en\/wp-json\/wp\/v2\/pages"}],"about":[{"href":"https:\/\/www.chateaudegarde.com\/en\/wp-json\/wp\/v2\/types\/page"}],"author":[{"embeddable":true,"href":"https:\/\/www.chateaudegarde.com\/en\/wp-json\/wp\/v2\/users\/6"}],"replies":[{"embeddable":true,"href":"https:\/\/www.chateaudegarde.com\/en\/wp-json\/wp\/v2\/comments?post=5179"}],"version-history":[{"count":1,"href":"https:\/\/www.chateaudegarde.com\/en\/wp-json\/wp\/v2\/pages\/5179\/revisions"}],"predecessor-version":[{"id":5180,"href":"https:\/\/www.chateaudegarde.com\/en\/wp-json\/wp\/v2\/pages\/5179\/revisions\/5180"}],"wp:attachment":[{"href":"https:\/\/www.chateaudegarde.com\/en\/wp-json\/wp\/v2\/media?parent=5179"}],"curies":[{"name":"wp","href":"https:\/\/api.w.org\/{rel}","templated":true}]}}