{"id":3395,"date":"2024-02-24T17:26:42","date_gmt":"2024-02-24T16:26:42","guid":{"rendered":"https:\/\/www.chateaudegarde.com\/legal-notice\/"},"modified":"2024-02-28T11:00:47","modified_gmt":"2024-02-28T10:00:47","slug":"legal-notice","status":"publish","type":"page","link":"https:\/\/www.chateaudegarde.com\/en\/legal-notice\/","title":{"rendered":"Legal notice"},"content":{"rendered":"\t\t<div data-elementor-type=\"wp-page\" data-elementor-id=\"3395\" class=\"elementor elementor-3395 elementor-2285\" data-elementor-post-type=\"page\">\n\t\t\t\t<div class=\"elementor-element elementor-element-40a4533 e-flex e-con-boxed e-con e-parent\" data-id=\"40a4533\" data-element_type=\"container\" data-e-type=\"container\">\n\t\t\t\t\t<div class=\"e-con-inner\">\n\t\t\t\t<div class=\"elementor-element elementor-element-fcc19ea elementor-widget elementor-widget-heading\" data-id=\"fcc19ea\" data-element_type=\"widget\" data-e-type=\"widget\" data-widget_type=\"heading.default\">\n\t\t\t\t<div class=\"elementor-widget-container\">\n\t\t\t\t\t<h1 class=\"elementor-heading-title elementor-size-default\">Legal notice<\/h1>\t\t\t\t<\/div>\n\t\t\t\t<\/div>\n\t\t\t\t\t<\/div>\n\t\t\t\t<\/div>\n\t\t<div class=\"elementor-element elementor-element-13b43b7 e-flex e-con-boxed e-con e-parent\" data-id=\"13b43b7\" data-element_type=\"container\" data-e-type=\"container\">\n\t\t\t\t\t<div class=\"e-con-inner\">\n\t\t\t\t<div class=\"elementor-element elementor-element-6635a47 titre-liste-produits elementor-widget elementor-widget-heading\" data-id=\"6635a47\" data-element_type=\"widget\" data-e-type=\"widget\" data-widget_type=\"heading.default\">\n\t\t\t\t<div class=\"elementor-widget-container\">\n\t\t\t\t\t<h2 class=\"elementor-heading-title elementor-size-default\">Website presentation<\/h2>\t\t\t\t<\/div>\n\t\t\t\t<\/div>\n\t\t\t\t<div class=\"elementor-element elementor-element-ae1531b elementor-widget elementor-widget-text-editor\" data-id=\"ae1531b\" data-element_type=\"widget\" data-e-type=\"widget\" data-widget_type=\"text-editor.default\">\n\t\t\t\t<div class=\"elementor-widget-container\">\n\t\t\t\t\t\t\t\t\t<p>This website is owned by Ch\u00e2teau de Garde, a limited liability company, with its registered office located at Ch\u00e2teau de Garde 33420 Moulon, registered in the Libourne Trade and Companies Register under number B 820 579 647, and whose VAT number is FR09820579647.<\/p>\n\t\t\t\t\t\t\t\t<\/div>\n\t\t\t\t<\/div>\n\t\t\t\t<div class=\"elementor-element elementor-element-6ad9bb4 titre-liste-produits elementor-widget elementor-widget-heading\" data-id=\"6ad9bb4\" data-element_type=\"widget\" data-e-type=\"widget\" data-widget_type=\"heading.default\">\n\t\t\t\t<div class=\"elementor-widget-container\">\n\t\t\t\t\t<h2 class=\"elementor-heading-title elementor-size-default\">Publication directors<\/h2>\t\t\t\t<\/div>\n\t\t\t\t<\/div>\n\t\t\t\t<div class=\"elementor-element elementor-element-9c93e2b elementor-widget elementor-widget-text-editor\" data-id=\"9c93e2b\" data-element_type=\"widget\" data-e-type=\"widget\" data-widget_type=\"text-editor.default\">\n\t\t\t\t<div class=\"elementor-widget-container\">\n\t\t\t\t\t\t\t\t\t<p>The publication directors are C\u00e9line Maviel and Dimitri Joly, serving as co-managers.<\/p>\n\t\t\t\t\t\t\t\t<\/div>\n\t\t\t\t<\/div>\n\t\t\t\t<div class=\"elementor-element elementor-element-0be363f titre-liste-produits elementor-widget elementor-widget-heading\" data-id=\"0be363f\" data-element_type=\"widget\" data-e-type=\"widget\" data-widget_type=\"heading.default\">\n\t\t\t\t<div class=\"elementor-widget-container\">\n\t\t\t\t\t<h2 class=\"elementor-heading-title elementor-size-default\">Hosting<\/h2>\t\t\t\t<\/div>\n\t\t\t\t<\/div>\n\t\t\t\t<div class=\"elementor-element elementor-element-671d91e elementor-widget elementor-widget-text-editor\" data-id=\"671d91e\" data-element_type=\"widget\" data-e-type=\"widget\" data-widget_type=\"text-editor.default\">\n\t\t\t\t<div class=\"elementor-widget-container\">\n\t\t\t\t\t\t\t\t\t<p>he service provider hosting the site is <a href=\"https:\/\/www.hostinger.fr\/\" target=\"_blank\" rel=\"noopener\">Hostinger<\/a>, whose registered office is located at 61 Lordou Vironos Street, 6023 Larnaca (Cyprus), and can be contacted through the communication means mentioned here: <a href=\"https:\/\/www.hostinger.fr\/contact\" target=\"_blank\" rel=\"noopener\">www.hostinger.com\/contact<\/a>.<\/p>\n\t\t\t\t\t\t\t\t<\/div>\n\t\t\t\t<\/div>\n\t\t\t\t<div class=\"elementor-element elementor-element-e708331 titre-liste-produits elementor-widget elementor-widget-heading\" data-id=\"e708331\" data-element_type=\"widget\" data-e-type=\"widget\" data-widget_type=\"heading.default\">\n\t\t\t\t<div class=\"elementor-widget-container\">\n\t\t\t\t\t<h2 class=\"elementor-heading-title elementor-size-default\">Realization<\/h2>\t\t\t\t<\/div>\n\t\t\t\t<\/div>\n\t\t\t\t<div class=\"elementor-element elementor-element-6e5a79d elementor-widget elementor-widget-text-editor\" data-id=\"6e5a79d\" data-element_type=\"widget\" data-e-type=\"widget\" data-widget_type=\"text-editor.default\">\n\t\t\t\t<div class=\"elementor-widget-container\">\n\t\t\t\t\t\t\t\t\t<p>The website was created by <a href=\"https:\/\/www.alpixi.com\/\" target=\"_blank\" rel=\"noopener\">Alpixi<\/a>, located at 6 lotissement les Sittelles 38880 Autrans-M\u00e9audre in Vercors, and can be reached by phone at 06 76 45 01 16 or by email at the following address: bonjour@alpixi.com.<\/p>\n\t\t\t\t\t\t\t\t<\/div>\n\t\t\t\t<\/div>\n\t\t\t\t<div class=\"elementor-element elementor-element-2d28f34 titre-liste-produits elementor-widget elementor-widget-heading\" data-id=\"2d28f34\" data-element_type=\"widget\" data-e-type=\"widget\" data-widget_type=\"heading.default\">\n\t\t\t\t<div class=\"elementor-widget-container\">\n\t\t\t\t\t<h2 class=\"elementor-heading-title elementor-size-default\">Intellectual property<\/h2>\t\t\t\t<\/div>\n\t\t\t\t<\/div>\n\t\t\t\t<div class=\"elementor-element elementor-element-3eaddaf elementor-widget elementor-widget-text-editor\" data-id=\"3eaddaf\" data-element_type=\"widget\" data-e-type=\"widget\" data-widget_type=\"text-editor.default\">\n\t\t\t\t<div class=\"elementor-widget-container\">\n\t\t\t\t\t\t\t\t\t<p>The content of this site is the property of Ch\u00e2teau de Garde. Any reproduction, even partial, is prohibited without the prior authorization of the publisher.<\/p>\n\t\t\t\t\t\t\t\t<\/div>\n\t\t\t\t<\/div>\n\t\t\t\t<div class=\"elementor-element elementor-element-3b62485 titre-liste-produits elementor-widget elementor-widget-heading\" data-id=\"3b62485\" data-element_type=\"widget\" data-e-type=\"widget\" data-widget_type=\"heading.default\">\n\t\t\t\t<div class=\"elementor-widget-container\">\n\t\t\t\t\t<h2 class=\"elementor-heading-title elementor-size-default\">Liability<\/h2>\t\t\t\t<\/div>\n\t\t\t\t<\/div>\n\t\t\t\t<div class=\"elementor-element elementor-element-3449906 elementor-widget elementor-widget-text-editor\" data-id=\"3449906\" data-element_type=\"widget\" data-e-type=\"widget\" data-widget_type=\"text-editor.default\">\n\t\t\t\t<div class=\"elementor-widget-container\">\n\t\t\t\t\t\t\t\t\t<p>The information provided on the site is for informational purposes only. Ch\u00e2teau de Garde cannot guarantee the accuracy, completeness, or timeliness of the information disseminated on its site. Consequently, the user acknowledges using this information under his exclusive responsibility.<\/p>\n\t\t\t\t\t\t\t\t<\/div>\n\t\t\t\t<\/div>\n\t\t\t\t<div class=\"elementor-element elementor-element-9c01af2 titre-liste-produits elementor-widget elementor-widget-heading\" data-id=\"9c01af2\" data-element_type=\"widget\" data-e-type=\"widget\" data-widget_type=\"heading.default\">\n\t\t\t\t<div class=\"elementor-widget-container\">\n\t\t\t\t\t<h2 class=\"elementor-heading-title elementor-size-default\">Links to other sites<\/h2>\t\t\t\t<\/div>\n\t\t\t\t<\/div>\n\t\t\t\t<div class=\"elementor-element elementor-element-62bd3f9 elementor-widget elementor-widget-text-editor\" data-id=\"62bd3f9\" data-element_type=\"widget\" data-e-type=\"widget\" data-widget_type=\"text-editor.default\">\n\t\t\t\t<div class=\"elementor-widget-container\">\n\t\t\t\t\t\t\t\t\t<p>The site may include links to other websites or other Internet sources. As Ch\u00e2teau de Garde cannot control these sites and these external sources, Ch\u00e2teau de Garde cannot be held responsible for the provision of these sites and external sources, and cannot bear any responsibility for the content, advertisements, products, services, or any other material available on or from these sites or external sources.<\/p>\n\t\t\t\t\t\t\t\t<\/div>\n\t\t\t\t<\/div>\n\t\t\t\t<div class=\"elementor-element elementor-element-7e78910 titre-liste-produits elementor-widget elementor-widget-heading\" data-id=\"7e78910\" data-element_type=\"widget\" data-e-type=\"widget\" data-widget_type=\"heading.default\">\n\t\t\t\t<div class=\"elementor-widget-container\">\n\t\t\t\t\t<h2 class=\"elementor-heading-title elementor-size-default\">Applicable law and jurisdiction<\/h2>\t\t\t\t<\/div>\n\t\t\t\t<\/div>\n\t\t\t\t<div class=\"elementor-element elementor-element-4e7f62a elementor-widget elementor-widget-text-editor\" data-id=\"4e7f62a\" data-element_type=\"widget\" data-e-type=\"widget\" data-widget_type=\"text-editor.default\">\n\t\t\t\t<div class=\"elementor-widget-container\">\n\t\t\t\t\t\t\t\t\t<p>This site is subject to French law. French courts shall have exclusive jurisdiction in the event of a dispute.<\/p>\n\t\t\t\t\t\t\t\t<\/div>\n\t\t\t\t<\/div>\n\t\t\t\t<div class=\"elementor-element elementor-element-0eaf967 titre-liste-produits elementor-widget elementor-widget-heading\" data-id=\"0eaf967\" data-element_type=\"widget\" data-e-type=\"widget\" data-widget_type=\"heading.default\">\n\t\t\t\t<div class=\"elementor-widget-container\">\n\t\t\t\t\t<h2 class=\"elementor-heading-title elementor-size-default\">Legal notice update<\/h2>\t\t\t\t<\/div>\n\t\t\t\t<\/div>\n\t\t\t\t<div class=\"elementor-element elementor-element-c0a0f50 elementor-widget elementor-widget-text-editor\" data-id=\"c0a0f50\" data-element_type=\"widget\" data-e-type=\"widget\" data-widget_type=\"text-editor.default\">\n\t\t\t\t<div class=\"elementor-widget-container\">\n\t\t\t\t\t\t\t\t\t<p>These legal notices may be modified at any time and without notice. The date of the last update is indicated below.<\/p>\n\t\t\t\t\t\t\t\t<\/div>\n\t\t\t\t<\/div>\n\t\t\t\t<div class=\"elementor-element elementor-element-c539d41 elementor-widget elementor-widget-heading\" data-id=\"c539d41\" data-element_type=\"widget\" data-e-type=\"widget\" data-widget_type=\"heading.default\">\n\t\t\t\t<div class=\"elementor-widget-container\">\n\t\t\t\t\t<div class=\"elementor-heading-title elementor-size-default\">Legal notices updated on 28 February 2024<\/div>\t\t\t\t<\/div>\n\t\t\t\t<\/div>\n\t\t\t\t\t<\/div>\n\t\t\t\t<\/div>\n\t\t\t\t<\/div>\n\t\t","protected":false},"excerpt":{"rendered":"<p>Legal notice Website presentation This website is owned by Ch\u00e2teau de Garde, a limited liability company, with its registered office located at Ch\u00e2teau de Garde 33420 Moulon, registered in the Libourne Trade and Companies Register under number B 820 579 647, and whose VAT number is FR09820579647. Publication directors The publication directors are C\u00e9line Maviel [&hellip;]<\/p>\n","protected":false},"author":4,"featured_media":0,"parent":0,"menu_order":7,"comment_status":"closed","ping_status":"closed","template":"elementor_header_footer","meta":{"footnotes":""},"class_list":["post-3395","page","type-page","status-publish","hentry"],"yoast_head":"<!-- This site is optimized with the Yoast SEO plugin v27.4 - https:\/\/yoast.com\/product\/yoast-seo-wordpress\/ -->\n<title>Legal notice | Ch\u00e2teau de Garde<\/title>\n<meta name=\"robots\" content=\"index, follow, max-snippet:-1, max-image-preview:large, max-video-preview:-1\" \/>\n<link rel=\"canonical\" href=\"https:\/\/www.chateaudegarde.com\/en\/legal-notice\/\" \/>\n<meta property=\"og:locale\" content=\"en_US\" \/>\n<meta property=\"og:type\" content=\"article\" \/>\n<meta property=\"og:title\" content=\"Legal notice | Ch\u00e2teau de Garde\" \/>\n<meta property=\"og:description\" content=\"Legal notice Website presentation This website is owned by Ch\u00e2teau de Garde, a limited liability company, with its registered office located at Ch\u00e2teau de Garde 33420 Moulon, registered in the Libourne Trade and Companies Register under number B 820 579 647, and whose VAT number is FR09820579647. Publication directors The publication directors are C\u00e9line Maviel [&hellip;]\" \/>\n<meta property=\"og:url\" content=\"https:\/\/www.chateaudegarde.com\/en\/legal-notice\/\" \/>\n<meta property=\"og:site_name\" content=\"Ch\u00e2teau de Garde\" \/>\n<meta property=\"article:modified_time\" content=\"2024-02-28T10:00:47+00:00\" \/>\n<meta name=\"twitter:card\" content=\"summary_large_image\" \/>\n<meta name=\"twitter:label1\" content=\"Est. reading time\" \/>\n\t<meta name=\"twitter:data1\" content=\"2 minutes\" \/>\n<script type=\"application\/ld+json\" class=\"yoast-schema-graph\">{\"@context\":\"https:\\\/\\\/schema.org\",\"@graph\":[{\"@type\":\"WebPage\",\"@id\":\"https:\\\/\\\/www.chateaudegarde.com\\\/en\\\/legal-notice\\\/\",\"url\":\"https:\\\/\\\/www.chateaudegarde.com\\\/en\\\/legal-notice\\\/\",\"name\":\"Legal notice | Ch\u00e2teau de Garde\",\"isPartOf\":{\"@id\":\"https:\\\/\\\/www.chateaudegarde.com\\\/#website\"},\"datePublished\":\"2024-02-24T16:26:42+00:00\",\"dateModified\":\"2024-02-28T10:00:47+00:00\",\"breadcrumb\":{\"@id\":\"https:\\\/\\\/www.chateaudegarde.com\\\/en\\\/legal-notice\\\/#breadcrumb\"},\"inLanguage\":\"en-US\",\"potentialAction\":[{\"@type\":\"ReadAction\",\"target\":[\"https:\\\/\\\/www.chateaudegarde.com\\\/en\\\/legal-notice\\\/\"]}]},{\"@type\":\"BreadcrumbList\",\"@id\":\"https:\\\/\\\/www.chateaudegarde.com\\\/en\\\/legal-notice\\\/#breadcrumb\",\"itemListElement\":[{\"@type\":\"ListItem\",\"position\":1,\"name\":\"Accueil\",\"item\":\"https:\\\/\\\/www.chateaudegarde.com\\\/en\\\/welcome\\\/\"},{\"@type\":\"ListItem\",\"position\":2,\"name\":\"Legal notice\"}]},{\"@type\":\"WebSite\",\"@id\":\"https:\\\/\\\/www.chateaudegarde.com\\\/#website\",\"url\":\"https:\\\/\\\/www.chateaudegarde.com\\\/\",\"name\":\"Ch\u00e2teau de Garde\",\"description\":\"Mariage - S\u00e9minaires\",\"publisher\":{\"@id\":\"https:\\\/\\\/www.chateaudegarde.com\\\/#organization\"},\"potentialAction\":[{\"@type\":\"SearchAction\",\"target\":{\"@type\":\"EntryPoint\",\"urlTemplate\":\"https:\\\/\\\/www.chateaudegarde.com\\\/?s={search_term_string}\"},\"query-input\":{\"@type\":\"PropertyValueSpecification\",\"valueRequired\":true,\"valueName\":\"search_term_string\"}}],\"inLanguage\":\"en-US\"},{\"@type\":\"Organization\",\"@id\":\"https:\\\/\\\/www.chateaudegarde.com\\\/#organization\",\"name\":\"Ch\u00e2teau de Garde\",\"url\":\"https:\\\/\\\/www.chateaudegarde.com\\\/\",\"logo\":{\"@type\":\"ImageObject\",\"inLanguage\":\"en-US\",\"@id\":\"https:\\\/\\\/www.chateaudegarde.com\\\/#\\\/schema\\\/logo\\\/image\\\/\",\"url\":\"https:\\\/\\\/www.chateaudegarde.com\\\/wp-content\\\/uploads\\\/2024\\\/02\\\/logo-chateau-de-garde-v2.svg\",\"contentUrl\":\"https:\\\/\\\/www.chateaudegarde.com\\\/wp-content\\\/uploads\\\/2024\\\/02\\\/logo-chateau-de-garde-v2.svg\",\"width\":512,\"height\":306,\"caption\":\"Ch\u00e2teau de Garde\"},\"image\":{\"@id\":\"https:\\\/\\\/www.chateaudegarde.com\\\/#\\\/schema\\\/logo\\\/image\\\/\"}}]}<\/script>\n<!-- \/ Yoast SEO plugin. -->","yoast_head_json":{"title":"Legal notice | Ch\u00e2teau de Garde","robots":{"index":"index","follow":"follow","max-snippet":"max-snippet:-1","max-image-preview":"max-image-preview:large","max-video-preview":"max-video-preview:-1"},"canonical":"https:\/\/www.chateaudegarde.com\/en\/legal-notice\/","og_locale":"en_US","og_type":"article","og_title":"Legal notice | Ch\u00e2teau de Garde","og_description":"Legal notice Website presentation This website is owned by Ch\u00e2teau de Garde, a limited liability company, with its registered office located at Ch\u00e2teau de Garde 33420 Moulon, registered in the Libourne Trade and Companies Register under number B 820 579 647, and whose VAT number is FR09820579647. Publication directors The publication directors are C\u00e9line Maviel [&hellip;]","og_url":"https:\/\/www.chateaudegarde.com\/en\/legal-notice\/","og_site_name":"Ch\u00e2teau de Garde","article_modified_time":"2024-02-28T10:00:47+00:00","twitter_card":"summary_large_image","twitter_misc":{"Est. reading time":"2 minutes"},"schema":{"@context":"https:\/\/schema.org","@graph":[{"@type":"WebPage","@id":"https:\/\/www.chateaudegarde.com\/en\/legal-notice\/","url":"https:\/\/www.chateaudegarde.com\/en\/legal-notice\/","name":"Legal notice | Ch\u00e2teau de Garde","isPartOf":{"@id":"https:\/\/www.chateaudegarde.com\/#website"},"datePublished":"2024-02-24T16:26:42+00:00","dateModified":"2024-02-28T10:00:47+00:00","breadcrumb":{"@id":"https:\/\/www.chateaudegarde.com\/en\/legal-notice\/#breadcrumb"},"inLanguage":"en-US","potentialAction":[{"@type":"ReadAction","target":["https:\/\/www.chateaudegarde.com\/en\/legal-notice\/"]}]},{"@type":"BreadcrumbList","@id":"https:\/\/www.chateaudegarde.com\/en\/legal-notice\/#breadcrumb","itemListElement":[{"@type":"ListItem","position":1,"name":"Accueil","item":"https:\/\/www.chateaudegarde.com\/en\/welcome\/"},{"@type":"ListItem","position":2,"name":"Legal notice"}]},{"@type":"WebSite","@id":"https:\/\/www.chateaudegarde.com\/#website","url":"https:\/\/www.chateaudegarde.com\/","name":"Ch\u00e2teau de Garde","description":"Mariage - S\u00e9minaires","publisher":{"@id":"https:\/\/www.chateaudegarde.com\/#organization"},"potentialAction":[{"@type":"SearchAction","target":{"@type":"EntryPoint","urlTemplate":"https:\/\/www.chateaudegarde.com\/?s={search_term_string}"},"query-input":{"@type":"PropertyValueSpecification","valueRequired":true,"valueName":"search_term_string"}}],"inLanguage":"en-US"},{"@type":"Organization","@id":"https:\/\/www.chateaudegarde.com\/#organization","name":"Ch\u00e2teau de Garde","url":"https:\/\/www.chateaudegarde.com\/","logo":{"@type":"ImageObject","inLanguage":"en-US","@id":"https:\/\/www.chateaudegarde.com\/#\/schema\/logo\/image\/","url":"https:\/\/www.chateaudegarde.com\/wp-content\/uploads\/2024\/02\/logo-chateau-de-garde-v2.svg","contentUrl":"https:\/\/www.chateaudegarde.com\/wp-content\/uploads\/2024\/02\/logo-chateau-de-garde-v2.svg","width":512,"height":306,"caption":"Ch\u00e2teau de Garde"},"image":{"@id":"https:\/\/www.chateaudegarde.com\/#\/schema\/logo\/image\/"}}]}},"_links":{"self":[{"href":"https:\/\/www.chateaudegarde.com\/en\/wp-json\/wp\/v2\/pages\/3395","targetHints":{"allow":["GET"]}}],"collection":[{"href":"https:\/\/www.chateaudegarde.com\/en\/wp-json\/wp\/v2\/pages"}],"about":[{"href":"https:\/\/www.chateaudegarde.com\/en\/wp-json\/wp\/v2\/types\/page"}],"author":[{"embeddable":true,"href":"https:\/\/www.chateaudegarde.com\/en\/wp-json\/wp\/v2\/users\/4"}],"replies":[{"embeddable":true,"href":"https:\/\/www.chateaudegarde.com\/en\/wp-json\/wp\/v2\/comments?post=3395"}],"version-history":[{"count":21,"href":"https:\/\/www.chateaudegarde.com\/en\/wp-json\/wp\/v2\/pages\/3395\/revisions"}],"predecessor-version":[{"id":3550,"href":"https:\/\/www.chateaudegarde.com\/en\/wp-json\/wp\/v2\/pages\/3395\/revisions\/3550"}],"wp:attachment":[{"href":"https:\/\/www.chateaudegarde.com\/en\/wp-json\/wp\/v2\/media?parent=3395"}],"curies":[{"name":"wp","href":"https:\/\/api.w.org\/{rel}","templated":true}]}}